{"id":87301,"date":"2026-04-20T09:30:23","date_gmt":"2026-04-20T07:30:23","guid":{"rendered":"https:\/\/jafep.com\/?post_type=product&#038;p=87301"},"modified":"2026-04-20T09:30:23","modified_gmt":"2026-04-20T07:30:23","slug":"pintura-anti-radon","status":"publish","type":"product","link":"https:\/\/jafep.com\/en\/producto\/pintura-anti-radon\/","title":{"rendered":"Pintura Anti-Rad\u00f3n"},"content":{"rendered":"<p>Barrera antirad\u00f3n de alta eficacia, dise\u00f1ada espec\u00edficamente para limitar la migraci\u00f3n de gas rad\u00f3n desde el subsuelo hacia el interior de los edificios.<br \/>\nSu formulaci\u00f3n nanotecnol\u00f3gica genera una capa continua de alta densidad y muy baja permeabilidad, actuando como una barrera molecular frente al gas rad\u00f3n. Esta estructura proporciona una protecci\u00f3n pasiva continua, segura y duradera, contribuyendo a mejorar la calidad del aire interior en zonas con presencia de rad\u00f3n. Incorpora aditivos conservantes que protegen la pel\u00edcula frente a condiciones de humedad.<\/p>\n","protected":false},"excerpt":{"rendered":"<p>Impermeabilizante elastom\u00e9rico<\/p>\n","protected":false},"featured_media":87415,"comment_status":"open","ping_status":"closed","template":"","meta":{"_acf_changed":false,"_links_to":"","_links_to_target":""},"product_brand":[],"product_cat":[28,50],"product_tag":[],"class_list":{"0":"post-87301","1":"product","2":"type-product","3":"status-publish","4":"has-post-thumbnail","6":"product_cat-pinturas-plasticas","7":"product_cat-usos-especiales","8":"pa_formatos-15l","9":"pa_formatos-4-l","10":"pa_herramientas-airless","11":"pa_herramientas-brocha","12":"pa_herramientas-pistola","13":"pa_herramientas-rodillo","14":"pa_iconos-base-agua","15":"pa_iconos-brocha-rodillo-pistola","16":"pa_iconos-conservante-antimoho-sitema-atmh","17":"pa_iconos-interior-exterior","18":"pa_iconos-lavabilidad-nivel-1","19":"pa_iconos-mate","20":"pa_iconos-nanotec","22":"first","23":"instock","24":"shipping-taxable","25":"product-type-simple"},"acf":[],"_links":{"self":[{"href":"https:\/\/jafep.com\/en\/wp-json\/wp\/v2\/product\/87301","targetHints":{"allow":["GET"]}}],"collection":[{"href":"https:\/\/jafep.com\/en\/wp-json\/wp\/v2\/product"}],"about":[{"href":"https:\/\/jafep.com\/en\/wp-json\/wp\/v2\/types\/product"}],"replies":[{"embeddable":true,"href":"https:\/\/jafep.com\/en\/wp-json\/wp\/v2\/comments?post=87301"}],"wp:featuredmedia":[{"embeddable":true,"href":"https:\/\/jafep.com\/en\/wp-json\/wp\/v2\/media\/87415"}],"wp:attachment":[{"href":"https:\/\/jafep.com\/en\/wp-json\/wp\/v2\/media?parent=87301"}],"wp:term":[{"taxonomy":"product_brand","embeddable":true,"href":"https:\/\/jafep.com\/en\/wp-json\/wp\/v2\/product_brand?post=87301"},{"taxonomy":"product_cat","embeddable":true,"href":"https:\/\/jafep.com\/en\/wp-json\/wp\/v2\/product_cat?post=87301"},{"taxonomy":"product_tag","embeddable":true,"href":"https:\/\/jafep.com\/en\/wp-json\/wp\/v2\/product_tag?post=87301"}],"curies":[{"name":"wp","href":"https:\/\/api.w.org\/{rel}","templated":true}]}}