{"id":8700,"date":"2019-01-02T10:09:29","date_gmt":"2019-01-02T10:09:29","guid":{"rendered":"https:\/\/jafep.com\/?post_type=product&#038;p=8700"},"modified":"2025-08-20T16:00:05","modified_gmt":"2025-08-20T14:00:05","slug":"petrex-5-mortero-acrilico-tx-15","status":"publish","type":"product","link":"https:\/\/jafep.com\/en\/producto\/petrex-5-mortero-acrilico-tx-15\/","title":{"rendered":"P\u00e9trex 5 Mortero Acr\u00edlico TX 1,5"},"content":{"rendered":"<p>Es un revestimiento p\u00e9treo tipo mortero de capa gruesa especial para fachadas, basado en una combinaci\u00f3n de resinas acr\u00edlicas y pigmentos de alta resistencia y solidez a la luz, que proporciona acabados resistentes, el\u00e1sticos, impermeables y de alto poder de cubrici\u00f3n y relleno. Incorpora en su formulaci\u00f3n un grano homog\u00e9neo de 1.5 mm y es de muy f\u00e1cil aplicaci\u00f3n, lo que disimula los empalmes.<\/p>\n","protected":false},"excerpt":{"rendered":"<p>Mortero acr\u00edlico<\/p>\n","protected":false},"featured_media":82922,"comment_status":"closed","ping_status":"closed","template":"","meta":{"_acf_changed":false,"_links_to":"","_links_to_target":""},"product_brand":[],"product_cat":[192,97,1277,201,836,200],"product_tag":[],"class_list":{"0":"post-8700","1":"product","2":"type-product","3":"status-publish","4":"has-post-thumbnail","6":"product_cat-aislar-termicamente","7":"product_cat-exteriores","8":"product_cat-morteros-acrilicos","9":"product_cat-reparar-fachadas","10":"product_cat-revestimientos","11":"product_cat-sate","12":"pa_formatos-25kg-2","13":"pa_herramientas-airless","14":"pa_herramientas-llana-acero-inoxidable","15":"pa_herramientas-pistola","16":"pa_iconos-1-m2-l","17":"pa_iconos-base-agua","18":"pa_iconos-carta-colores","19":"pa_iconos-ce-etag-004","20":"pa_iconos-conservante-antimoho-sitema-atmh","21":"pa_iconos-exterior","22":"pa_iconos-fratasado-mate","24":"first","25":"instock","26":"shipping-taxable","27":"product-type-simple"},"acf":[],"_links":{"self":[{"href":"https:\/\/jafep.com\/en\/wp-json\/wp\/v2\/product\/8700","targetHints":{"allow":["GET"]}}],"collection":[{"href":"https:\/\/jafep.com\/en\/wp-json\/wp\/v2\/product"}],"about":[{"href":"https:\/\/jafep.com\/en\/wp-json\/wp\/v2\/types\/product"}],"replies":[{"embeddable":true,"href":"https:\/\/jafep.com\/en\/wp-json\/wp\/v2\/comments?post=8700"}],"wp:featuredmedia":[{"embeddable":true,"href":"https:\/\/jafep.com\/en\/wp-json\/wp\/v2\/media\/82922"}],"wp:attachment":[{"href":"https:\/\/jafep.com\/en\/wp-json\/wp\/v2\/media?parent=8700"}],"wp:term":[{"taxonomy":"product_brand","embeddable":true,"href":"https:\/\/jafep.com\/en\/wp-json\/wp\/v2\/product_brand?post=8700"},{"taxonomy":"product_cat","embeddable":true,"href":"https:\/\/jafep.com\/en\/wp-json\/wp\/v2\/product_cat?post=8700"},{"taxonomy":"product_tag","embeddable":true,"href":"https:\/\/jafep.com\/en\/wp-json\/wp\/v2\/product_tag?post=8700"}],"curies":[{"name":"wp","href":"https:\/\/api.w.org\/{rel}","templated":true}]}}