{"id":86983,"date":"2025-11-10T18:19:26","date_gmt":"2025-11-10T17:19:26","guid":{"rendered":"https:\/\/jafep.com\/?post_type=product&#038;p=86983"},"modified":"2026-02-09T12:20:44","modified_gmt":"2026-02-09T11:20:44","slug":"resina-de-poliester","status":"publish","type":"product","link":"https:\/\/jafep.com\/en\/producto\/resina-de-poliester\/","title":{"rendered":"Resina de Poli\u00e9ster AT 2C + Pmek"},"content":{"rendered":"<p>Mezcla de resina de poli\u00e9ster insaturada, de media reactividad, preacelerada, con baja viscosidad pero aspecto tixotr\u00f3pico y exot\u00e9rmica y un catalizador de per\u00f3xido de metil cetona.<\/p>\n","protected":false},"excerpt":{"rendered":"<p>Mezcla de resina de poli\u00e9ster insaturada, de media reactividad, preacelerada, con baja viscosidad pero aspecto tixotr\u00f3pico y exot\u00e9rmica y un catalizador de per\u00f3xido de metil cetona.<\/p>\n","protected":false},"featured_media":87245,"comment_status":"open","ping_status":"closed","template":"","meta":{"_acf_changed":false,"_links_to":"","_links_to_target":""},"product_brand":[],"product_cat":[27],"product_tag":[],"class_list":{"0":"post-86983","1":"product","2":"type-product","3":"status-publish","4":"has-post-thumbnail","6":"product_cat-esmaltes-imprimaciones-y-selladoras","7":"pa_herramientas-brocha","8":"pa_herramientas-rodillo","10":"first","11":"instock","12":"shipping-taxable","13":"product-type-simple"},"acf":[],"_links":{"self":[{"href":"https:\/\/jafep.com\/en\/wp-json\/wp\/v2\/product\/86983","targetHints":{"allow":["GET"]}}],"collection":[{"href":"https:\/\/jafep.com\/en\/wp-json\/wp\/v2\/product"}],"about":[{"href":"https:\/\/jafep.com\/en\/wp-json\/wp\/v2\/types\/product"}],"replies":[{"embeddable":true,"href":"https:\/\/jafep.com\/en\/wp-json\/wp\/v2\/comments?post=86983"}],"wp:featuredmedia":[{"embeddable":true,"href":"https:\/\/jafep.com\/en\/wp-json\/wp\/v2\/media\/87245"}],"wp:attachment":[{"href":"https:\/\/jafep.com\/en\/wp-json\/wp\/v2\/media?parent=86983"}],"wp:term":[{"taxonomy":"product_brand","embeddable":true,"href":"https:\/\/jafep.com\/en\/wp-json\/wp\/v2\/product_brand?post=86983"},{"taxonomy":"product_cat","embeddable":true,"href":"https:\/\/jafep.com\/en\/wp-json\/wp\/v2\/product_cat?post=86983"},{"taxonomy":"product_tag","embeddable":true,"href":"https:\/\/jafep.com\/en\/wp-json\/wp\/v2\/product_tag?post=86983"}],"curies":[{"name":"wp","href":"https:\/\/api.w.org\/{rel}","templated":true}]}}