{"id":8456,"date":"2018-09-21T13:30:30","date_gmt":"2018-09-21T13:30:30","guid":{"rendered":"https:\/\/jafep.com\/?post_type=product&#038;p=8456"},"modified":"2025-10-17T19:26:30","modified_gmt":"2025-10-17T17:26:30","slug":"esencial-supercubriente-conservante-antimoho-2","status":"publish","type":"product","link":"https:\/\/jafep.com\/en\/producto\/esencial-supercubriente-conservante-antimoho-2\/","title":{"rendered":"Esencial Supercubriente Con Conservante Antimoho"},"content":{"rendered":"<p>Pl\u00e1stica mate basada en resinas acr\u00edlicas en dispersi\u00f3n acuosa y pigmentos de alta resistencia y solidez a la luz, usada por los pintores profesionales en interiores y exteriores de ambiente atmosf\u00e9rico poco agresivo. Con conservante antimoho.<\/p>\n","protected":false},"excerpt":{"rendered":"<p>Pintura pl\u00e1stica mate<\/p>\n","protected":false},"featured_media":83708,"comment_status":"closed","ping_status":"closed","template":"","meta":{"_acf_changed":false,"_links_to":"","_links_to_target":""},"product_brand":[],"product_cat":[97,96,1272,28],"product_tag":[],"class_list":{"0":"post-8456","1":"product","2":"type-product","3":"status-publish","4":"has-post-thumbnail","6":"product_cat-exteriores","7":"product_cat-interiores","8":"product_cat-mate-esencial","9":"product_cat-pinturas-plasticas","10":"pa_formatos-15-l","11":"pa_formatos-4-l","12":"pa_formatos-750ml","13":"pa_herramientas-airless","14":"pa_herramientas-brocha","15":"pa_herramientas-pistola","16":"pa_herramientas-rodillo","17":"pa_iconos-mate-60o","18":"pa_iconos-base-agua","19":"pa_iconos-conservante-antimoho-sitema-atmh","20":"pa_iconos-desodorizada-y-aromatizada","21":"pa_iconos-exterior-interior","22":"pa_iconos-lavabilidad-nivel-3","23":"pa_iconos-mate","24":"pa_iconos-mate4","25":"pa_iconos-b-s1d0","26":"pa_iconos-rendimiento-7-9-m2l","28":"first","29":"instock","30":"shipping-taxable","31":"product-type-simple"},"acf":[],"_links":{"self":[{"href":"https:\/\/jafep.com\/en\/wp-json\/wp\/v2\/product\/8456","targetHints":{"allow":["GET"]}}],"collection":[{"href":"https:\/\/jafep.com\/en\/wp-json\/wp\/v2\/product"}],"about":[{"href":"https:\/\/jafep.com\/en\/wp-json\/wp\/v2\/types\/product"}],"replies":[{"embeddable":true,"href":"https:\/\/jafep.com\/en\/wp-json\/wp\/v2\/comments?post=8456"}],"wp:featuredmedia":[{"embeddable":true,"href":"https:\/\/jafep.com\/en\/wp-json\/wp\/v2\/media\/83708"}],"wp:attachment":[{"href":"https:\/\/jafep.com\/en\/wp-json\/wp\/v2\/media?parent=8456"}],"wp:term":[{"taxonomy":"product_brand","embeddable":true,"href":"https:\/\/jafep.com\/en\/wp-json\/wp\/v2\/product_brand?post=8456"},{"taxonomy":"product_cat","embeddable":true,"href":"https:\/\/jafep.com\/en\/wp-json\/wp\/v2\/product_cat?post=8456"},{"taxonomy":"product_tag","embeddable":true,"href":"https:\/\/jafep.com\/en\/wp-json\/wp\/v2\/product_tag?post=8456"}],"curies":[{"name":"wp","href":"https:\/\/api.w.org\/{rel}","templated":true}]}}