{"id":8326,"date":"2018-06-19T10:02:56","date_gmt":"2018-06-19T10:02:56","guid":{"rendered":"https:\/\/jafep.com\/?post_type=product&#038;p=8326"},"modified":"2025-04-11T13:20:04","modified_gmt":"2025-04-11T13:20:04","slug":"membralastic-pinroda","status":"publish","type":"product","link":"https:\/\/jafep.com\/en\/producto\/membralastic-pinroda\/","title":{"rendered":"Membralastic Pinroda"},"content":{"rendered":"<p>Membralastic Pinroda es un impermeabilizante l\u00edquido elastom\u00e9rico en fase acuosa, altamente el\u00e1stico, fabricado a partir de una dispersi\u00f3n de copol\u00edmeros acr\u00edlicos en emulsi\u00f3n. <\/p>\n","protected":false},"excerpt":{"rendered":"<p>Elast\u00f3mero impermeabilizante <\/p>\n","protected":false},"featured_media":82882,"comment_status":"closed","ping_status":"closed","template":"","meta":{"_acf_changed":false,"_links_to":"","_links_to_target":""},"product_brand":[],"product_cat":[97,76,805,36,165],"product_tag":[],"class_list":{"0":"post-8326","1":"product","2":"type-product","3":"status-publish","4":"has-post-thumbnail","6":"product_cat-exteriores","7":"product_cat-impermeabilizantes-con-conservante-antimoho","8":"product_cat-impermeabilizar","9":"product_cat-pinroda","10":"product_cat-terrazas","11":"pa_formatos-12l","12":"pa_herramientas-airless","13":"pa_herramientas-brocha","14":"pa_herramientas-pistola","15":"pa_herramientas-rodillo-fachadas-lana-oveja-20mm","16":"pa_herramientas-rodillo-fachadas-poliamida-extra-larga-de-20mm","17":"pa_herramientas-rodillo-fachadas-poliamida-larga-de-19mm","18":"pa_iconos-base-agua","19":"pa_iconos-brocha-rodillo-pistola","20":"pa_iconos-exterior","21":"pa_iconos-rendimiento-0-7-0-8-m2-l","22":"pa_iconos-semimate","24":"first","25":"instock","26":"shipping-taxable","27":"product-type-simple"},"acf":[],"_links":{"self":[{"href":"https:\/\/jafep.com\/en\/wp-json\/wp\/v2\/product\/8326","targetHints":{"allow":["GET"]}}],"collection":[{"href":"https:\/\/jafep.com\/en\/wp-json\/wp\/v2\/product"}],"about":[{"href":"https:\/\/jafep.com\/en\/wp-json\/wp\/v2\/types\/product"}],"replies":[{"embeddable":true,"href":"https:\/\/jafep.com\/en\/wp-json\/wp\/v2\/comments?post=8326"}],"wp:featuredmedia":[{"embeddable":true,"href":"https:\/\/jafep.com\/en\/wp-json\/wp\/v2\/media\/82882"}],"wp:attachment":[{"href":"https:\/\/jafep.com\/en\/wp-json\/wp\/v2\/media?parent=8326"}],"wp:term":[{"taxonomy":"product_brand","embeddable":true,"href":"https:\/\/jafep.com\/en\/wp-json\/wp\/v2\/product_brand?post=8326"},{"taxonomy":"product_cat","embeddable":true,"href":"https:\/\/jafep.com\/en\/wp-json\/wp\/v2\/product_cat?post=8326"},{"taxonomy":"product_tag","embeddable":true,"href":"https:\/\/jafep.com\/en\/wp-json\/wp\/v2\/product_tag?post=8326"}],"curies":[{"name":"wp","href":"https:\/\/api.w.org\/{rel}","templated":true}]}}