{"id":6385,"date":"2017-07-18T13:55:17","date_gmt":"2017-07-18T13:55:17","guid":{"rendered":"https:\/\/jafep.com\/?post_type=product&#038;p=6385"},"modified":"2025-05-06T11:23:06","modified_gmt":"2025-05-06T11:23:06","slug":"perfil-coronacion-aluminio","status":"publish","type":"product","link":"https:\/\/jafep.com\/en\/producto\/perfil-coronacion-aluminio\/","title":{"rendered":"Perfil de Coronaci\u00f3n de aluminio"},"content":{"rendered":"<p>PERFIL DE CORONACI\u00d3N DE ALUMINIO es un perfil fabricado en aluminio que se coloca en los l\u00edmites superiores horizontales \u00a0de la zona a revestir, de modo que protege y refuerza el sistema SATE impidiendo que el agua discurra directamente sobre el revestimiento. Se ancla al soporte mediante tornillos, distanciadores y conectores. Gama de espesores a elegir seg\u00fan el espesor de la placa aislante.<\/p>\n","protected":false},"excerpt":{"rendered":"<p>Perfil de coronaci\u00f3n fabricado en aluminio, para colocar en los l\u00edmites superiores horizontales del sistema SATE.<\/p>\n","protected":false},"featured_media":85214,"comment_status":"closed","ping_status":"closed","template":"","meta":{"_acf_changed":false,"_links_to":"","_links_to_target":""},"product_brand":[],"product_cat":[200,677],"product_tag":[],"class_list":{"0":"post-6385","1":"product","2":"type-product","3":"status-publish","4":"has-post-thumbnail","6":"product_cat-sate","7":"product_cat-sistema-de-aislamiento-termico-por-el-exterior-sate","9":"first","10":"instock","11":"shipping-taxable","12":"product-type-simple"},"acf":[],"_links":{"self":[{"href":"https:\/\/jafep.com\/en\/wp-json\/wp\/v2\/product\/6385","targetHints":{"allow":["GET"]}}],"collection":[{"href":"https:\/\/jafep.com\/en\/wp-json\/wp\/v2\/product"}],"about":[{"href":"https:\/\/jafep.com\/en\/wp-json\/wp\/v2\/types\/product"}],"replies":[{"embeddable":true,"href":"https:\/\/jafep.com\/en\/wp-json\/wp\/v2\/comments?post=6385"}],"wp:featuredmedia":[{"embeddable":true,"href":"https:\/\/jafep.com\/en\/wp-json\/wp\/v2\/media\/85214"}],"wp:attachment":[{"href":"https:\/\/jafep.com\/en\/wp-json\/wp\/v2\/media?parent=6385"}],"wp:term":[{"taxonomy":"product_brand","embeddable":true,"href":"https:\/\/jafep.com\/en\/wp-json\/wp\/v2\/product_brand?post=6385"},{"taxonomy":"product_cat","embeddable":true,"href":"https:\/\/jafep.com\/en\/wp-json\/wp\/v2\/product_cat?post=6385"},{"taxonomy":"product_tag","embeddable":true,"href":"https:\/\/jafep.com\/en\/wp-json\/wp\/v2\/product_tag?post=6385"}],"curies":[{"name":"wp","href":"https:\/\/api.w.org\/{rel}","templated":true}]}}