{"id":6364,"date":"2017-07-18T11:34:19","date_gmt":"2017-07-18T11:34:19","guid":{"rendered":"https:\/\/jafep.com\/?post_type=product&#038;p=6364"},"modified":"2025-05-06T11:28:04","modified_gmt":"2025-05-06T11:28:04","slug":"perfil-alfeizar-pvc-malla","status":"publish","type":"product","link":"https:\/\/jafep.com\/en\/producto\/perfil-alfeizar-pvc-malla\/","title":{"rendered":"Perfil de Alf\u00e9izar PVC con malla"},"content":{"rendered":"<p>PERFIL DE ALF\u00c9IZAR PVC CON MALLA \u00a0es un perfil de PVC con malla de fibra de vidrio resistente a los \u00e1lcalis. Se emplea para una ejecuci\u00f3n duradera e impermeable del alf\u00e9izar (alf\u00e9izares est\u00e1ndar de aluminio, madera, PVC, piedra\u2026 o alf\u00e9izares realizados a medida) creando una uni\u00f3n flexible de \u00e9ste con el sistema \u00a0SATE.<\/p>\n","protected":false},"excerpt":{"rendered":"<p>Perfil autoadhesivo de PVC con malla de fibra de vidrio \u00e1lcali-resistente para la conexi\u00f3n del alf\u00e9izar con el SATE.<\/p>\n","protected":false},"featured_media":85226,"comment_status":"closed","ping_status":"closed","template":"","meta":{"_acf_changed":false,"_links_to":"","_links_to_target":""},"product_brand":[],"product_cat":[200,677],"product_tag":[],"class_list":{"0":"post-6364","1":"product","2":"type-product","3":"status-publish","4":"has-post-thumbnail","6":"product_cat-sate","7":"product_cat-sistema-de-aislamiento-termico-por-el-exterior-sate","9":"first","10":"instock","11":"shipping-taxable","12":"product-type-simple"},"acf":[],"_links":{"self":[{"href":"https:\/\/jafep.com\/en\/wp-json\/wp\/v2\/product\/6364","targetHints":{"allow":["GET"]}}],"collection":[{"href":"https:\/\/jafep.com\/en\/wp-json\/wp\/v2\/product"}],"about":[{"href":"https:\/\/jafep.com\/en\/wp-json\/wp\/v2\/types\/product"}],"replies":[{"embeddable":true,"href":"https:\/\/jafep.com\/en\/wp-json\/wp\/v2\/comments?post=6364"}],"wp:featuredmedia":[{"embeddable":true,"href":"https:\/\/jafep.com\/en\/wp-json\/wp\/v2\/media\/85226"}],"wp:attachment":[{"href":"https:\/\/jafep.com\/en\/wp-json\/wp\/v2\/media?parent=6364"}],"wp:term":[{"taxonomy":"product_brand","embeddable":true,"href":"https:\/\/jafep.com\/en\/wp-json\/wp\/v2\/product_brand?post=6364"},{"taxonomy":"product_cat","embeddable":true,"href":"https:\/\/jafep.com\/en\/wp-json\/wp\/v2\/product_cat?post=6364"},{"taxonomy":"product_tag","embeddable":true,"href":"https:\/\/jafep.com\/en\/wp-json\/wp\/v2\/product_tag?post=6364"}],"curies":[{"name":"wp","href":"https:\/\/api.w.org\/{rel}","templated":true}]}}