{"id":5706,"date":"2017-03-27T07:39:37","date_gmt":"2017-03-27T07:39:37","guid":{"rendered":"https:\/\/jafep.com\/?post_type=product&#038;p=5706"},"modified":"2025-04-02T07:26:41","modified_gmt":"2025-04-02T07:26:41","slug":"beyem-r1-t-renodur","status":"publish","type":"product","link":"https:\/\/jafep.com\/en\/producto\/beyem-r1-t-renodur\/","title":{"rendered":"Beyem R1 T Renodur Exterior-Interior"},"content":{"rendered":"<p>Mortero tixotr\u00f3pico monocomponente de retracci\u00f3n compensada y elevada deformabilidad para reparaci\u00f3n y renovaci\u00f3n de paramentos verticales. <\/p>\n","protected":false},"excerpt":{"rendered":"<p>Accesorio de corte en PVC para la realizaci\u00f3n de la cavidad en el material aislante EPS o \u00a0XPS \u00a0mediante avellanado. <\/p>\n","protected":false},"featured_media":82857,"comment_status":"closed","ping_status":"closed","template":"","meta":{"_acf_changed":false,"_links_to":"","_links_to_target":""},"product_brand":[],"product_cat":[70,63,201],"product_tag":[],"class_list":{"0":"post-5706","1":"product","2":"type-product","3":"status-publish","4":"has-post-thumbnail","6":"product_cat-masillas-y-plastes","7":"product_cat-preparaciones-y-fondos","8":"product_cat-reparar-fachadas","9":"pa_herramientas-llana","11":"first","12":"instock","13":"shipping-taxable","14":"product-type-simple"},"acf":[],"_links":{"self":[{"href":"https:\/\/jafep.com\/en\/wp-json\/wp\/v2\/product\/5706","targetHints":{"allow":["GET"]}}],"collection":[{"href":"https:\/\/jafep.com\/en\/wp-json\/wp\/v2\/product"}],"about":[{"href":"https:\/\/jafep.com\/en\/wp-json\/wp\/v2\/types\/product"}],"replies":[{"embeddable":true,"href":"https:\/\/jafep.com\/en\/wp-json\/wp\/v2\/comments?post=5706"}],"wp:featuredmedia":[{"embeddable":true,"href":"https:\/\/jafep.com\/en\/wp-json\/wp\/v2\/media\/82857"}],"wp:attachment":[{"href":"https:\/\/jafep.com\/en\/wp-json\/wp\/v2\/media?parent=5706"}],"wp:term":[{"taxonomy":"product_brand","embeddable":true,"href":"https:\/\/jafep.com\/en\/wp-json\/wp\/v2\/product_brand?post=5706"},{"taxonomy":"product_cat","embeddable":true,"href":"https:\/\/jafep.com\/en\/wp-json\/wp\/v2\/product_cat?post=5706"},{"taxonomy":"product_tag","embeddable":true,"href":"https:\/\/jafep.com\/en\/wp-json\/wp\/v2\/product_tag?post=5706"}],"curies":[{"name":"wp","href":"https:\/\/api.w.org\/{rel}","templated":true}]}}