{"id":4398,"date":"2016-07-29T14:38:21","date_gmt":"2016-07-29T14:38:21","guid":{"rendered":"https:\/\/jafep.com\/en\/?post_type=product&#038;p=4398"},"modified":"2022-02-02T10:38:38","modified_gmt":"2022-02-02T10:38:38","slug":"barniz-pu-bi-componente-al-agua","status":"publish","type":"product","link":"https:\/\/jafep.com\/en\/producto\/barniz-pu-bi-componente-al-agua\/","title":{"rendered":"Barniz Poliuretano Bicomponente Al Agua"},"content":{"rendered":"<p>El\u00a0Barniz PU Bi-Componente al Agua es un revestimiento impermeable a base de poliuretanos de alta resistencia al lavado y a la intemperie. Es indicado especialmente para ser aplicado en revestimientos de microcemento.<\/p>\n<p>El\u00a0<span style=\"line-height: 1.5;\">Barniz PU Bi-Componente al Agua est\u00e1 formulado a base de resinas acr\u00edlicas, poliureas, catalizadores y aditivos hidr\u00f3fugos en base acuosa. Su formulaci\u00f3n hace que tenga muy buena resistencia a condiciones climatol\u00f3gicas adversas y a la acci\u00f3n de los rayos UV.<\/span><\/p>\n<p>Puede ser aplicado\u00a0tanto en interior como exterior, en paredes, pavimentos y techos. <\/p>\n","protected":false},"excerpt":{"rendered":"<p>El\u00a0Barniz PU Bi-Componente al Agua es un revestimiento impermeable a base de poliuretanos de alta resistencia al lavado y a la intemperie. Es indicado especialmente para ser aplicado en revestimientos de microcemento. El\u00a0Barniz PU Bi-Componente al Agua est\u00e1 formulado a base de resinas acr\u00edlicas, poliureas, catalizadores y aditivos hidr\u00f3fugos en base acuosa. Su formulaci\u00f3n hace&#8230;<\/p>\n","protected":false},"featured_media":0,"comment_status":"closed","ping_status":"closed","template":"","meta":{"_acf_changed":false,"_links_to":"","_links_to_target":""},"product_brand":[],"product_cat":[791,766,835,1410,765,790,767],"product_tag":[],"class_list":{"0":"post-4398","1":"product","2":"type-product","3":"status-publish","5":"product_cat-suelo-en","6":"product_cat-suelos-en","7":"product_cat-floors-and-sign-paints","8":"product_cat-floors-and-sign-paints-en","9":"product_cat-pintar-suelo-en","10":"product_cat-pintar-suelos-en","11":"product_cat-transito-peatonal-en","12":"pa_herramientas-airless-en-2","13":"pa_herramientas-brocha-en-2","14":"pa_herramientas-rodillo-microfibra-en-2","15":"pa_iconos-1-base-agua-en","17":"first","18":"instock","19":"shipping-taxable","20":"product-type-simple"},"acf":[],"_links":{"self":[{"href":"https:\/\/jafep.com\/en\/wp-json\/wp\/v2\/product\/4398","targetHints":{"allow":["GET"]}}],"collection":[{"href":"https:\/\/jafep.com\/en\/wp-json\/wp\/v2\/product"}],"about":[{"href":"https:\/\/jafep.com\/en\/wp-json\/wp\/v2\/types\/product"}],"replies":[{"embeddable":true,"href":"https:\/\/jafep.com\/en\/wp-json\/wp\/v2\/comments?post=4398"}],"wp:attachment":[{"href":"https:\/\/jafep.com\/en\/wp-json\/wp\/v2\/media?parent=4398"}],"wp:term":[{"taxonomy":"product_brand","embeddable":true,"href":"https:\/\/jafep.com\/en\/wp-json\/wp\/v2\/product_brand?post=4398"},{"taxonomy":"product_cat","embeddable":true,"href":"https:\/\/jafep.com\/en\/wp-json\/wp\/v2\/product_cat?post=4398"},{"taxonomy":"product_tag","embeddable":true,"href":"https:\/\/jafep.com\/en\/wp-json\/wp\/v2\/product_tag?post=4398"}],"curies":[{"name":"wp","href":"https:\/\/api.w.org\/{rel}","templated":true}]}}