{"id":4119,"date":"2016-05-10T09:39:15","date_gmt":"2016-05-10T09:39:15","guid":{"rendered":"https:\/\/jafep.com\/?post_type=product&#038;p=4119"},"modified":"2025-04-03T08:10:00","modified_gmt":"2025-04-03T08:10:00","slug":"pintura-de-poliuretano-brillante-catalizador-brillo-satinado-p-tr","status":"publish","type":"product","link":"https:\/\/jafep.com\/en\/producto\/pintura-de-poliuretano-brillante-catalizador-brillo-satinado-p-tr\/","title":{"rendered":"Bases para Pintura de Poliuretano Brillante + Catalizador &#8211; brillo-satinado &#8211; P-TR"},"content":{"rendered":"<p>Pintura especialmente dise\u00f1ada para suelos, pavimentos y paredes de hormig\u00f3n y cemento, constituida por dos componentes a base de\u00a0 resinas acr\u00edlicas hidroxiladas y curada mediante isocianato alif\u00e1tico.<\/p>\n<p>Sus caracter\u00edsticas m\u00e1s notables son: gran resistencia a impactos. Muy buena adherencia.<\/p>\n<p>Resistencia a \u00e1cidos, \u00e1lcalis, gasolina y otros disolventes. Secado r\u00e1pido y alto nivel de brillo.<\/p>\n<p>En las condiciones de aplicaci\u00f3n recomendadas las superficies quedan perfectamente impermeabilizadas.<\/p>\n<p>Es por tanto, un producto recomendable para el pintado de superficies de almacenamiento de productos qu\u00edmicos que pudieran ocasionar contaminaciones del suelo por escapes o derrames.<\/p>\n","protected":false},"excerpt":{"rendered":"<p>Pintura especialmente dise\u00f1ada para suelos, pavimentos y paredes de hormig\u00f3n y cemento, constituida por dos componentes a base de\u00a0 resinas acr\u00edlicas hidroxiladas y curada mediante isocianato alif\u00e1tico. Sus caracter\u00edsticas m\u00e1s notables son: gran resistencia a impactos. Muy buena adherencia. Resistencia a \u00e1cidos, \u00e1lcalis, gasolina y otros disolventes. Secado r\u00e1pido y alto nivel de brillo. En&#8230;<\/p>\n","protected":false},"featured_media":83716,"comment_status":"closed","ping_status":"closed","template":"","meta":{"_acf_changed":false,"_links_to":"","_links_to_target":""},"product_brand":[],"product_cat":[79,169,182,37,101,1286,65,186],"product_tag":[],"class_list":{"0":"post-4119","1":"product","2":"type-product","3":"status-publish","4":"has-post-thumbnail","6":"product_cat-bases-sistema-industrial-dual","7":"product_cat-pintar-suelo","8":"product_cat-pintar-suelos","9":"product_cat-sistemas-tintometricos","10":"product_cat-suelo","11":"product_cat-suelos-pavimentos-y-senalizaciones-2","12":"product_cat-suelos-pavimentos-y-senalizaciones","13":"product_cat-uso-industrial","14":"pa_iconos-a-b","15":"pa_iconos-base-pal","16":"pa_iconos-base-solvente","17":"pa_iconos-brillante-satinado","18":"pa_iconos-uso-prof-titulado","20":"first","21":"instock","22":"shipping-taxable","23":"product-type-simple"},"acf":[],"_links":{"self":[{"href":"https:\/\/jafep.com\/en\/wp-json\/wp\/v2\/product\/4119","targetHints":{"allow":["GET"]}}],"collection":[{"href":"https:\/\/jafep.com\/en\/wp-json\/wp\/v2\/product"}],"about":[{"href":"https:\/\/jafep.com\/en\/wp-json\/wp\/v2\/types\/product"}],"replies":[{"embeddable":true,"href":"https:\/\/jafep.com\/en\/wp-json\/wp\/v2\/comments?post=4119"}],"wp:featuredmedia":[{"embeddable":true,"href":"https:\/\/jafep.com\/en\/wp-json\/wp\/v2\/media\/83716"}],"wp:attachment":[{"href":"https:\/\/jafep.com\/en\/wp-json\/wp\/v2\/media?parent=4119"}],"wp:term":[{"taxonomy":"product_brand","embeddable":true,"href":"https:\/\/jafep.com\/en\/wp-json\/wp\/v2\/product_brand?post=4119"},{"taxonomy":"product_cat","embeddable":true,"href":"https:\/\/jafep.com\/en\/wp-json\/wp\/v2\/product_cat?post=4119"},{"taxonomy":"product_tag","embeddable":true,"href":"https:\/\/jafep.com\/en\/wp-json\/wp\/v2\/product_tag?post=4119"}],"curies":[{"name":"wp","href":"https:\/\/api.w.org\/{rel}","templated":true}]}}