{"id":4050,"date":"2016-05-10T07:22:57","date_gmt":"2016-05-10T07:22:57","guid":{"rendered":"https:\/\/jafep.com\/?post_type=product&#038;p=4050"},"modified":"2025-04-03T08:25:57","modified_gmt":"2025-04-03T08:25:57","slug":"multirev-fachadas-revestimiento-liso-p-d-tr","status":"publish","type":"product","link":"https:\/\/jafep.com\/en\/producto\/multirev-fachadas-revestimiento-liso-p-d-tr\/","title":{"rendered":"Multirev Fachadas Revestimiento liso &#8211; Bases P-D-TR"},"content":{"rendered":"<p>Revestimiento acr\u00edlico p\u00e9treo para exteriores. Impermeable y lavable. De gran resistencia a la intemperie, al salitre y a la abrasi\u00f3n. Buena cubrici\u00f3n y rendimiento. Impermeabiliza la fachada manteniendo su transpirabilidad. Dise\u00f1ada en tres bases (P, D y TR) para obtener acabados en diferentes tonos de color en combinaci\u00f3n con los colorantes de exterior de nuestro sistema tintom\u00e9trico decorativo.<\/p>\n","protected":false},"excerpt":{"rendered":"<p>Revestimiento p\u00e9treo para exteriores.<\/p>\n","protected":false},"featured_media":83700,"comment_status":"closed","ping_status":"closed","template":"","meta":{"_acf_changed":false,"_links_to":"","_links_to_target":""},"product_brand":[],"product_cat":[78,97,235,37],"product_tag":[],"class_list":{"0":"post-4050","1":"product","2":"type-product","3":"status-publish","4":"has-post-thumbnail","6":"product_cat-bases-sistema-multicolor","7":"product_cat-exteriores","8":"product_cat-fachadas","9":"product_cat-sistemas-tintometricos","10":"pa_herramientas-airless","11":"pa_herramientas-brocha","12":"pa_herramientas-pistola","13":"pa_herramientas-rodillo","14":"pa_iconos-rendimiento-12-14-m2","15":"pa_iconos-base-agua","16":"pa_iconos-brocha-rodillo-pistola","18":"first","19":"instock","20":"shipping-taxable","21":"product-type-simple"},"acf":[],"_links":{"self":[{"href":"https:\/\/jafep.com\/en\/wp-json\/wp\/v2\/product\/4050","targetHints":{"allow":["GET"]}}],"collection":[{"href":"https:\/\/jafep.com\/en\/wp-json\/wp\/v2\/product"}],"about":[{"href":"https:\/\/jafep.com\/en\/wp-json\/wp\/v2\/types\/product"}],"replies":[{"embeddable":true,"href":"https:\/\/jafep.com\/en\/wp-json\/wp\/v2\/comments?post=4050"}],"wp:featuredmedia":[{"embeddable":true,"href":"https:\/\/jafep.com\/en\/wp-json\/wp\/v2\/media\/83700"}],"wp:attachment":[{"href":"https:\/\/jafep.com\/en\/wp-json\/wp\/v2\/media?parent=4050"}],"wp:term":[{"taxonomy":"product_brand","embeddable":true,"href":"https:\/\/jafep.com\/en\/wp-json\/wp\/v2\/product_brand?post=4050"},{"taxonomy":"product_cat","embeddable":true,"href":"https:\/\/jafep.com\/en\/wp-json\/wp\/v2\/product_cat?post=4050"},{"taxonomy":"product_tag","embeddable":true,"href":"https:\/\/jafep.com\/en\/wp-json\/wp\/v2\/product_tag?post=4050"}],"curies":[{"name":"wp","href":"https:\/\/api.w.org\/{rel}","templated":true}]}}