{"id":4037,"date":"2016-05-10T07:11:18","date_gmt":"2016-05-10T07:11:18","guid":{"rendered":"https:\/\/jafep.com\/?post_type=product&#038;p=4037"},"modified":"2026-04-01T12:56:31","modified_gmt":"2026-04-01T10:56:31","slug":"revestimiento-liso-fachadas-aural-p-d-tr","status":"publish","type":"product","link":"https:\/\/jafep.com\/en\/producto\/revestimiento-liso-fachadas-aural-p-d-tr\/","title":{"rendered":"Bases para Revestimiento Liso Fachadas Aural Grafeno- P-D-TR"},"content":{"rendered":"<p>Revestimiento de alta calidad, elaborada con resinas en emulsi\u00f3n acr\u00edlicas y fibras de grafeno que aportan a la pintura propiedades innovadoras: producto semi el\u00e1stico, de alta resistencia ultravioleta y buena dureza. Gracias al grafeno el producto posee una mayor durabilidad, ya que estas fibras act\u00faan reforzando el soporte estructural.\u00a0Con una excepcional cubrici\u00f3n y rendimiento. Para acabados perfectos en exterior. Impermeabiliza fachadas manteniendo la transpiraci\u00f3n de las mismas. Tiene un escaso olor. Se comercializa en tres bases distintas: P, D y TR, para conseguir todas las tonalidades de color de las cartas de colores m\u00e1s importantes del mercado actual.<\/p>\n","protected":false},"excerpt":{"rendered":"<p>Revestimiento acr\u00edlico puro 100%<\/p>\n","protected":false},"featured_media":83732,"comment_status":"closed","ping_status":"closed","template":"","meta":{"_acf_changed":false,"_links_to":"","_links_to_target":""},"product_brand":[],"product_cat":[1274,78,97,235,28,37],"product_tag":[],"class_list":{"0":"post-4037","1":"product","2":"type-product","3":"status-publish","4":"has-post-thumbnail","6":"product_cat-aural-hogar","7":"product_cat-bases-sistema-multicolor","8":"product_cat-exteriores","9":"product_cat-fachadas","10":"product_cat-pinturas-plasticas","11":"product_cat-sistemas-tintometricos","12":"pa_formatos-15-l","13":"pa_formatos-4-l","14":"pa_formatos-750-ml","15":"pa_herramientas-airless","16":"pa_herramientas-brocha","17":"pa_herramientas-pistola","18":"pa_herramientas-rodillo","19":"pa_iconos-mate-60o","20":"pa_iconos-base-agua","21":"pa_iconos-conservante-antimoho-sitema-atmh","22":"pa_iconos-exterior","23":"pa_iconos-lavabilidad-nivel-1","24":"pa_iconos-rendimiento-9-13-m2-l","26":"first","27":"instock","28":"shipping-taxable","29":"product-type-simple"},"acf":[],"_links":{"self":[{"href":"https:\/\/jafep.com\/en\/wp-json\/wp\/v2\/product\/4037","targetHints":{"allow":["GET"]}}],"collection":[{"href":"https:\/\/jafep.com\/en\/wp-json\/wp\/v2\/product"}],"about":[{"href":"https:\/\/jafep.com\/en\/wp-json\/wp\/v2\/types\/product"}],"replies":[{"embeddable":true,"href":"https:\/\/jafep.com\/en\/wp-json\/wp\/v2\/comments?post=4037"}],"wp:featuredmedia":[{"embeddable":true,"href":"https:\/\/jafep.com\/en\/wp-json\/wp\/v2\/media\/83732"}],"wp:attachment":[{"href":"https:\/\/jafep.com\/en\/wp-json\/wp\/v2\/media?parent=4037"}],"wp:term":[{"taxonomy":"product_brand","embeddable":true,"href":"https:\/\/jafep.com\/en\/wp-json\/wp\/v2\/product_brand?post=4037"},{"taxonomy":"product_cat","embeddable":true,"href":"https:\/\/jafep.com\/en\/wp-json\/wp\/v2\/product_cat?post=4037"},{"taxonomy":"product_tag","embeddable":true,"href":"https:\/\/jafep.com\/en\/wp-json\/wp\/v2\/product_tag?post=4037"}],"curies":[{"name":"wp","href":"https:\/\/api.w.org\/{rel}","templated":true}]}}