{"id":3958,"date":"2016-05-09T11:13:31","date_gmt":"2016-05-09T11:13:31","guid":{"rendered":"https:\/\/jafep.com\/?post_type=product&#038;p=3958"},"modified":"2025-11-10T16:56:30","modified_gmt":"2025-11-10T15:56:30","slug":"esmalte-sintetico-antioxidante-brillante-p-d-tr","status":"publish","type":"product","link":"https:\/\/jafep.com\/en\/producto\/esmalte-sintetico-antioxidante-brillante-p-d-tr\/","title":{"rendered":"OX Esmalte Sint\u00e9tico Antioxidante Liso"},"content":{"rendered":"<p>Es un esmalte sint\u00e9tico formulado con resinas alc\u00eddicas especiales junto con pigmentos y aditivos anticorrosivos que aportan una contrastada resistencia y estabilidad a la luz. Proporciona niveles de acabado de la m\u00e1xima calidad gracias a su aspecto cremoso y su estructura tixotr\u00f3pica. Excelente aplicaci\u00f3n gracias a su buena nivelaci\u00f3n y brochabilidad, obteni\u00e9ndose acabados de elevada dureza, adherencia y resistencia al rayado. Se puede aplicar directamente sobre hierro sin necesidad de imprimaci\u00f3n.<\/p>\n<p>&nbsp;<\/p>\n","protected":false},"excerpt":{"rendered":"<p>Es un esmalte sint\u00e9tico formulado con resinas alc\u00eddicas especiales junto con pigmentos y aditivos anticorrosivos que aportan una contrastada resistencia y estabilidad a la luz. Proporciona niveles de acabado de la m\u00e1xima calidad gracias a su aspecto cremoso y su estructura tixotr\u00f3pica. Excelente aplicaci\u00f3n gracias a su buena nivelaci\u00f3n y brochabilidad, obteni\u00e9ndose acabados de elevada&#8230;<\/p>\n","protected":false},"featured_media":83639,"comment_status":"closed","ping_status":"closed","template":"","meta":{"_acf_changed":false,"_links_to":"","_links_to_target":""},"product_brand":[],"product_cat":[78,37],"product_tag":[],"class_list":{"0":"post-3958","1":"product","2":"type-product","3":"status-publish","4":"has-post-thumbnail","6":"product_cat-bases-sistema-multicolor","7":"product_cat-sistemas-tintometricos","8":"pa_formatos-375-ml","9":"pa_formatos-4-l","10":"pa_formatos-750-ml","11":"pa_herramientas-airless","12":"pa_herramientas-brocha","13":"pa_herramientas-pistola","14":"pa_herramientas-rodillo","15":"pa_iconos-rendimiento-12-14-m2","16":"pa_iconos-base-solvente","17":"pa_iconos-brillante","18":"pa_iconos-brocha-rodillo-pistola","20":"first","21":"instock","22":"shipping-taxable","23":"product-type-simple"},"acf":[],"_links":{"self":[{"href":"https:\/\/jafep.com\/en\/wp-json\/wp\/v2\/product\/3958","targetHints":{"allow":["GET"]}}],"collection":[{"href":"https:\/\/jafep.com\/en\/wp-json\/wp\/v2\/product"}],"about":[{"href":"https:\/\/jafep.com\/en\/wp-json\/wp\/v2\/types\/product"}],"replies":[{"embeddable":true,"href":"https:\/\/jafep.com\/en\/wp-json\/wp\/v2\/comments?post=3958"}],"wp:featuredmedia":[{"embeddable":true,"href":"https:\/\/jafep.com\/en\/wp-json\/wp\/v2\/media\/83639"}],"wp:attachment":[{"href":"https:\/\/jafep.com\/en\/wp-json\/wp\/v2\/media?parent=3958"}],"wp:term":[{"taxonomy":"product_brand","embeddable":true,"href":"https:\/\/jafep.com\/en\/wp-json\/wp\/v2\/product_brand?post=3958"},{"taxonomy":"product_cat","embeddable":true,"href":"https:\/\/jafep.com\/en\/wp-json\/wp\/v2\/product_cat?post=3958"},{"taxonomy":"product_tag","embeddable":true,"href":"https:\/\/jafep.com\/en\/wp-json\/wp\/v2\/product_tag?post=3958"}],"curies":[{"name":"wp","href":"https:\/\/api.w.org\/{rel}","templated":true}]}}