{"id":3901,"date":"2016-05-06T10:44:23","date_gmt":"2016-05-06T10:44:23","guid":{"rendered":"https:\/\/jafep.com\/?post_type=product&#038;p=3901"},"modified":"2025-05-26T07:29:50","modified_gmt":"2025-05-26T07:29:50","slug":"lasur","status":"publish","type":"product","link":"https:\/\/jafep.com\/en\/producto\/lasur\/","title":{"rendered":"Lasur Sint\u00e9tico"},"content":{"rendered":"<p>Lasur de aplicaci\u00f3n interior y exterior, pero especialmente desarrollado para sistema de protecci\u00f3n y decoraci\u00f3n de la madera al exterior. Es muy flexible y permeable al vapor de agua, lo que permite transpirar a la madera. Est\u00e1 aditivado con filtro solar de \u00faltima generaci\u00f3n y en su composici\u00f3n figuran conservantes espec\u00edficos que lo protegen de agentes biol\u00f3gicos y la acci\u00f3n de los UV del sol. <\/p>\n","protected":false},"excerpt":{"rendered":"<p>Protector de poro abierto <\/p>\n","protected":false},"featured_media":82812,"comment_status":"closed","ping_status":"closed","template":"","meta":{"_acf_changed":false,"_links_to":"","_links_to_target":""},"product_brand":[],"product_cat":[199,78,172,97,1281,98,167,34,174,37],"product_tag":[],"class_list":{"0":"post-3901","1":"product","2":"type-product","3":"status-publish","4":"has-post-thumbnail","6":"product_cat-barnizar","7":"product_cat-bases-sistema-multicolor","8":"product_cat-cambiar-el-tono-color","9":"product_cat-exteriores","10":"product_cat-lasur","11":"product_cat-madera","12":"product_cat-mobiliario-de-jardin","13":"product_cat-productos-para-la-madera","14":"product_cat-proteger","15":"product_cat-sistemas-tintometricos","16":"pa_formatos-4l","17":"pa_formatos-750ml","18":"pa_herramientas-airless","19":"pa_herramientas-brocha","20":"pa_herramientas-pistola","21":"pa_herramientas-rodillo","22":"pa_iconos-rendimiento-8-10-m2l","23":"pa_iconos-base-solvente","24":"pa_iconos-exterior-interior","25":"pa_iconos-satinado","27":"first","28":"instock","29":"shipping-taxable","30":"product-type-simple"},"acf":[],"_links":{"self":[{"href":"https:\/\/jafep.com\/en\/wp-json\/wp\/v2\/product\/3901","targetHints":{"allow":["GET"]}}],"collection":[{"href":"https:\/\/jafep.com\/en\/wp-json\/wp\/v2\/product"}],"about":[{"href":"https:\/\/jafep.com\/en\/wp-json\/wp\/v2\/types\/product"}],"replies":[{"embeddable":true,"href":"https:\/\/jafep.com\/en\/wp-json\/wp\/v2\/comments?post=3901"}],"wp:featuredmedia":[{"embeddable":true,"href":"https:\/\/jafep.com\/en\/wp-json\/wp\/v2\/media\/82812"}],"wp:attachment":[{"href":"https:\/\/jafep.com\/en\/wp-json\/wp\/v2\/media?parent=3901"}],"wp:term":[{"taxonomy":"product_brand","embeddable":true,"href":"https:\/\/jafep.com\/en\/wp-json\/wp\/v2\/product_brand?post=3901"},{"taxonomy":"product_cat","embeddable":true,"href":"https:\/\/jafep.com\/en\/wp-json\/wp\/v2\/product_cat?post=3901"},{"taxonomy":"product_tag","embeddable":true,"href":"https:\/\/jafep.com\/en\/wp-json\/wp\/v2\/product_tag?post=3901"}],"curies":[{"name":"wp","href":"https:\/\/api.w.org\/{rel}","templated":true}]}}