{"id":1695,"date":"2016-02-02T15:53:07","date_gmt":"2016-02-02T15:53:07","guid":{"rendered":"https:\/\/jafep.com\/producto\/fondo-tapaporos-nitro-2\/"},"modified":"2023-05-03T13:47:23","modified_gmt":"2023-05-03T13:47:23","slug":"fondo-tapaporos-nitro","status":"publish","type":"product","link":"https:\/\/jafep.com\/en\/producto\/fondo-tapaporos-nitro\/","title":{"rendered":"Fondo Tapaporos Nitro"},"content":{"rendered":"<p>Tapaporos transparente a partir de resinas nitrocelul\u00f3sicas combinadas con alqu\u00eddicas, de r\u00e1pido secado y excelente lijado. <\/p>\n","protected":false},"excerpt":{"rendered":"<p>Fondo al disolvente <\/p>\n","protected":false},"featured_media":82428,"comment_status":"closed","ping_status":"closed","template":"","meta":{"_acf_changed":false,"_links_to":"","_links_to_target":""},"product_brand":[],"product_cat":[851,1372,847,840],"product_tag":[],"class_list":{"0":"post-1695","1":"product","2":"type-product","3":"status-publish","4":"has-post-thumbnail","6":"product_cat-antes-de-pintar-madera-en","7":"product_cat-professional-wood-products","8":"product_cat-madera-en","9":"product_cat-productos-para-la-madera-en-2","10":"pa_formatos-5l-en","11":"pa_formatos-750ml-en","12":"pa_herramientas-airless-en-2","13":"pa_herramientas-brocha-en-2","14":"pa_herramientas-pistola-en","15":"pa_iconos-2-base-solvente-en","16":"pa_iconos-34-rendimiento-de-10-12-m2l","17":"pa_iconos-46-interior","18":"pa_iconos-mate-en","20":"first","21":"instock","22":"shipping-taxable","23":"product-type-simple"},"acf":[],"_links":{"self":[{"href":"https:\/\/jafep.com\/en\/wp-json\/wp\/v2\/product\/1695","targetHints":{"allow":["GET"]}}],"collection":[{"href":"https:\/\/jafep.com\/en\/wp-json\/wp\/v2\/product"}],"about":[{"href":"https:\/\/jafep.com\/en\/wp-json\/wp\/v2\/types\/product"}],"replies":[{"embeddable":true,"href":"https:\/\/jafep.com\/en\/wp-json\/wp\/v2\/comments?post=1695"}],"wp:featuredmedia":[{"embeddable":true,"href":"https:\/\/jafep.com\/en\/wp-json\/wp\/v2\/media\/82428"}],"wp:attachment":[{"href":"https:\/\/jafep.com\/en\/wp-json\/wp\/v2\/media?parent=1695"}],"wp:term":[{"taxonomy":"product_brand","embeddable":true,"href":"https:\/\/jafep.com\/en\/wp-json\/wp\/v2\/product_brand?post=1695"},{"taxonomy":"product_cat","embeddable":true,"href":"https:\/\/jafep.com\/en\/wp-json\/wp\/v2\/product_cat?post=1695"},{"taxonomy":"product_tag","embeddable":true,"href":"https:\/\/jafep.com\/en\/wp-json\/wp\/v2\/product_tag?post=1695"}],"curies":[{"name":"wp","href":"https:\/\/api.w.org\/{rel}","templated":true}]}}