{"id":13799,"date":"2024-02-07T09:17:06","date_gmt":"2024-02-07T09:17:06","guid":{"rendered":"https:\/\/jafep.com\/?post_type=jafep_producto&#038;p=13799"},"modified":"2025-06-16T16:56:42","modified_gmt":"2025-06-16T16:56:42","slug":"esmalte-sintetico-profesional","status":"publish","type":"product","link":"https:\/\/jafep.com\/en\/producto\/esmalte-sintetico-profesional\/","title":{"rendered":"Esmalte Sint\u00e9tico Profesional"},"content":{"rendered":"<p>Esmalte sint\u00e9tico formulado con resinas alqu\u00eddicas y pigmentos de contrastada resistencia y estabilidad a la luz, que proporciona acabados de m\u00e1xima calidad.<\/p>\n<p>Se recomienda aplicar capas finas y respetar los tiempos de secado y repintado con el fin de obtener las mejores y m\u00e1ximas prestaciones.<\/p>\n","protected":false},"excerpt":{"rendered":"<p>Esmalte sint\u00e9tico formulado con resinas alqu\u00eddicas y pigmentos de contrastada resistencia y estabilidad a la luz, que proporciona acabados de m\u00e1xima calidad. Se recomienda aplicar capas finas y respetar los tiempos de secado y repintado con el fin de obtener las mejores y m\u00e1ximas prestaciones.<\/p>\n","protected":false},"featured_media":83127,"comment_status":"closed","ping_status":"closed","template":"","meta":{"_acf_changed":false,"_links_to":"","_links_to_target":""},"product_brand":[],"product_cat":[41,27,99,176,178],"product_tag":[],"class_list":{"0":"post-13799","1":"product","2":"type-product","3":"status-publish","4":"has-post-thumbnail","6":"product_cat-esmaltes-especiales","7":"product_cat-esmaltes-imprimaciones-y-selladoras","8":"product_cat-metal","9":"product_cat-pintar-cambiar-el-color","10":"product_cat-proteger-metal","11":"pa_herramientas-airless","12":"pa_herramientas-pistola","13":"pa_iconos-base-solvente","14":"pa_iconos-brillante-satinado","15":"pa_iconos-exterior-interior","16":"pa_iconos-rendimiento-de-10-12-m2l","17":"pa_iconos-uso-prof-titulado","19":"first","20":"instock","21":"shipping-taxable","22":"product-type-simple"},"acf":[],"_links":{"self":[{"href":"https:\/\/jafep.com\/en\/wp-json\/wp\/v2\/product\/13799","targetHints":{"allow":["GET"]}}],"collection":[{"href":"https:\/\/jafep.com\/en\/wp-json\/wp\/v2\/product"}],"about":[{"href":"https:\/\/jafep.com\/en\/wp-json\/wp\/v2\/types\/product"}],"replies":[{"embeddable":true,"href":"https:\/\/jafep.com\/en\/wp-json\/wp\/v2\/comments?post=13799"}],"wp:featuredmedia":[{"embeddable":true,"href":"https:\/\/jafep.com\/en\/wp-json\/wp\/v2\/media\/83127"}],"wp:attachment":[{"href":"https:\/\/jafep.com\/en\/wp-json\/wp\/v2\/media?parent=13799"}],"wp:term":[{"taxonomy":"product_brand","embeddable":true,"href":"https:\/\/jafep.com\/en\/wp-json\/wp\/v2\/product_brand?post=13799"},{"taxonomy":"product_cat","embeddable":true,"href":"https:\/\/jafep.com\/en\/wp-json\/wp\/v2\/product_cat?post=13799"},{"taxonomy":"product_tag","embeddable":true,"href":"https:\/\/jafep.com\/en\/wp-json\/wp\/v2\/product_tag?post=13799"}],"curies":[{"name":"wp","href":"https:\/\/api.w.org\/{rel}","templated":true}]}}