{"id":13636,"date":"2023-12-04T12:58:26","date_gmt":"2023-12-04T12:58:26","guid":{"rendered":"https:\/\/jafep.com\/?post_type=product&#038;p=13636"},"modified":"2026-04-24T13:52:29","modified_gmt":"2026-04-24T11:52:29","slug":"puente-de-union-texturado-2","status":"publish","type":"product","link":"https:\/\/jafep.com\/en\/producto\/puente-de-union-texturado-2\/","title":{"rendered":"Puente de Uni\u00f3n Texturado"},"content":{"rendered":"<p>Puente de uni\u00f3n texturado formulado a base de pol\u00edmeros acr\u00edlicos en dispersi\u00f3n acuosa y cargas minerales seleccionadas, dise\u00f1ado para mejorar la adherencia sobre soportes de baja porosidad. Proporciona una pel\u00edcula de alta dureza y excelente anclaje mec\u00e1nico, actuando como capa de adherencia tanto en superficies verticales como horizontales. Es apto para m\u00faltiples soportes, incluidos materiales lisos y no absorbentes como azulejos o vidrio, facilitando la aplicaci\u00f3n posterior de recubrimientos.<\/p>\n","protected":false},"excerpt":{"rendered":"<p>Puente de uni\u00f3n acr\u00edlico texturado en base agua, dise\u00f1ado para mejorar la adherencia.<\/p>\n","protected":false},"featured_media":83112,"comment_status":"closed","ping_status":"closed","template":"","meta":{"_acf_changed":false,"_links_to":"","_links_to_target":""},"product_brand":[],"product_cat":[208,209,69,97,96,63,173,161],"product_tag":[],"class_list":{"0":"post-13636","1":"product","2":"type-product","3":"status-publish","4":"has-post-thumbnail","6":"product_cat-before-paint","7":"product_cat-antes-de-pintar-interiores","8":"product_cat-complementos-preparaciones-y-fondos","9":"product_cat-exteriores","10":"product_cat-interiores","11":"product_cat-preparaciones-y-fondos","12":"product_cat-restaurar","13":"product_cat-tapar-azulejos","14":"pa_formatos-15l","15":"pa_formatos-4l","16":"pa_herramientas-airless","17":"pa_herramientas-brocha","18":"pa_herramientas-pistola","19":"pa_herramientas-rodillo","20":"pa_iconos-base-agua","21":"pa_iconos-brocha-rodillo-pistola","22":"pa_iconos-exterior-interior","23":"pa_iconos-rendimiento-6-8-m2l","25":"first","26":"instock","27":"shipping-taxable","28":"product-type-simple"},"acf":[],"_links":{"self":[{"href":"https:\/\/jafep.com\/en\/wp-json\/wp\/v2\/product\/13636","targetHints":{"allow":["GET"]}}],"collection":[{"href":"https:\/\/jafep.com\/en\/wp-json\/wp\/v2\/product"}],"about":[{"href":"https:\/\/jafep.com\/en\/wp-json\/wp\/v2\/types\/product"}],"replies":[{"embeddable":true,"href":"https:\/\/jafep.com\/en\/wp-json\/wp\/v2\/comments?post=13636"}],"wp:featuredmedia":[{"embeddable":true,"href":"https:\/\/jafep.com\/en\/wp-json\/wp\/v2\/media\/83112"}],"wp:attachment":[{"href":"https:\/\/jafep.com\/en\/wp-json\/wp\/v2\/media?parent=13636"}],"wp:term":[{"taxonomy":"product_brand","embeddable":true,"href":"https:\/\/jafep.com\/en\/wp-json\/wp\/v2\/product_brand?post=13636"},{"taxonomy":"product_cat","embeddable":true,"href":"https:\/\/jafep.com\/en\/wp-json\/wp\/v2\/product_cat?post=13636"},{"taxonomy":"product_tag","embeddable":true,"href":"https:\/\/jafep.com\/en\/wp-json\/wp\/v2\/product_tag?post=13636"}],"curies":[{"name":"wp","href":"https:\/\/api.w.org\/{rel}","templated":true}]}}