{"id":13112,"date":"2023-08-09T08:30:18","date_gmt":"2023-08-09T08:30:18","guid":{"rendered":"https:\/\/jafep.com\/?post_type=product&#038;p=13112"},"modified":"2025-04-01T15:01:09","modified_gmt":"2025-04-01T15:01:09","slug":"sellacryl-pigmentado-fijador-acrilico-penetrante-atmh","status":"publish","type":"product","link":"https:\/\/jafep.com\/en\/producto\/sellacryl-pigmentado-fijador-acrilico-penetrante-atmh\/","title":{"rendered":"Sellacryl Pigmentado Fijador acr\u00edlico penetrante ATMH"},"content":{"rendered":"<p>Sellador pigmentado en blanco para paredes, ladrillos, pinturas, etc. Producto 100% acr\u00edlico. Al ser aplicado sobre hormig\u00f3n, evita la entrada de CO2 y por consiguiente el proceso de carbonataci\u00f3n. Al estar pigmentado, mejora la cubrici\u00f3n de las sucesivas capas de pintura, ahorrando tiempo y material. <\/p>\n","protected":false},"excerpt":{"rendered":"<p>Sellador acr\u00edlico pigmentado <\/p>\n","protected":false},"featured_media":83082,"comment_status":"closed","ping_status":"closed","template":"","meta":{"_acf_changed":false,"_links_to":"","_links_to_target":""},"product_brand":[],"product_cat":[208,31,53],"product_tag":[],"class_list":{"0":"post-13112","1":"product","2":"type-product","3":"status-publish","4":"has-post-thumbnail","6":"product_cat-before-paint","7":"product_cat-linea-antihumedad","8":"product_cat-preparaciones-al-agua","9":"pa_formatos-15l","10":"pa_formatos-4l","11":"pa_herramientas-airless","12":"pa_herramientas-brocha","13":"pa_herramientas-pistola","14":"pa_herramientas-rodillo","15":"pa_iconos-38-rendimiento-de-10-15-m2l","16":"pa_iconos-base-agua","17":"pa_iconos-brocha-rodillo-pistola","18":"pa_iconos-exterior-interior","19":"pa_iconos-listo-al-uso","21":"first","22":"instock","23":"shipping-taxable","24":"product-type-simple"},"acf":[],"_links":{"self":[{"href":"https:\/\/jafep.com\/en\/wp-json\/wp\/v2\/product\/13112","targetHints":{"allow":["GET"]}}],"collection":[{"href":"https:\/\/jafep.com\/en\/wp-json\/wp\/v2\/product"}],"about":[{"href":"https:\/\/jafep.com\/en\/wp-json\/wp\/v2\/types\/product"}],"replies":[{"embeddable":true,"href":"https:\/\/jafep.com\/en\/wp-json\/wp\/v2\/comments?post=13112"}],"wp:featuredmedia":[{"embeddable":true,"href":"https:\/\/jafep.com\/en\/wp-json\/wp\/v2\/media\/83082"}],"wp:attachment":[{"href":"https:\/\/jafep.com\/en\/wp-json\/wp\/v2\/media?parent=13112"}],"wp:term":[{"taxonomy":"product_brand","embeddable":true,"href":"https:\/\/jafep.com\/en\/wp-json\/wp\/v2\/product_brand?post=13112"},{"taxonomy":"product_cat","embeddable":true,"href":"https:\/\/jafep.com\/en\/wp-json\/wp\/v2\/product_cat?post=13112"},{"taxonomy":"product_tag","embeddable":true,"href":"https:\/\/jafep.com\/en\/wp-json\/wp\/v2\/product_tag?post=13112"}],"curies":[{"name":"wp","href":"https:\/\/api.w.org\/{rel}","templated":true}]}}