{"id":12883,"date":"2023-06-23T13:36:23","date_gmt":"2023-06-23T13:36:23","guid":{"rendered":"https:\/\/jafep.com\/?post_type=product&#038;p=12883"},"modified":"2026-04-09T17:31:28","modified_gmt":"2026-04-09T15:31:28","slug":"aural-fachadas-rev-texturado","status":"publish","type":"product","link":"https:\/\/jafep.com\/en\/producto\/aural-fachadas-rev-texturado\/","title":{"rendered":"Aural fachadas texturado grafeno con conservante antimoho."},"content":{"rendered":"<p>Aural fachadas texturado grafeno es un revestimiento de alta calidad y acabado ligeramente \u00e1spero gracias a sus cargas sil\u00edceas que ayudan a disminuir las imperfecciones y alta calidad. Aditivado con escudos anti CO2 para evitar la carbonataci\u00f3n. Elaborado con resinas en emulsi\u00f3n acr\u00edlicas 100% y fibras de grafeno que aportan a la pintura propiedades innovadoras: producto semi el\u00e1stico, de alta resistencia a la intemperie y ultravioleta y buena dureza. Gracias al grafeno el producto posee mayor durabilidad, ya que estas fibras act\u00faan reforzando el soporte estructural.<\/p>\n<p>Producto id\u00f3neo para protecci\u00f3n de fachadas que presenta una excepcional blancura, cubrici\u00f3n y rendimiento, adem\u00e1s de aportar un resultado decorativo.<br \/>\nNo amarillea, excelente resistencia al caleamiento y de escaso olor. Impermeabiliza fachadas manteniendo la transpiraci\u00f3n de las mismas. Contiene en su formulaci\u00f3n aditivos conservantes para la protecci\u00f3n de la pel\u00edcula.<\/p>\n<p>&nbsp;<\/p>\n<p>&nbsp;<\/p>\n","protected":false},"excerpt":{"rendered":"<p>Revestimiento acr\u00edlico puro 100% texturado<\/p>\n","protected":false},"featured_media":83635,"comment_status":"closed","ping_status":"closed","template":"","meta":{"_acf_changed":false,"_links_to":"","_links_to_target":""},"product_brand":[],"product_cat":[47,1274,28,836],"product_tag":[],"class_list":{"0":"post-12883","1":"product","2":"type-product","3":"status-publish","4":"has-post-thumbnail","6":"product_cat-aural","7":"product_cat-aural-hogar","8":"product_cat-pinturas-plasticas","9":"product_cat-revestimientos","10":"pa_iconos-rendimiento-5-8-m2-l","12":"first","13":"instock","14":"shipping-taxable","15":"product-type-simple"},"acf":[],"_links":{"self":[{"href":"https:\/\/jafep.com\/en\/wp-json\/wp\/v2\/product\/12883","targetHints":{"allow":["GET"]}}],"collection":[{"href":"https:\/\/jafep.com\/en\/wp-json\/wp\/v2\/product"}],"about":[{"href":"https:\/\/jafep.com\/en\/wp-json\/wp\/v2\/types\/product"}],"replies":[{"embeddable":true,"href":"https:\/\/jafep.com\/en\/wp-json\/wp\/v2\/comments?post=12883"}],"wp:featuredmedia":[{"embeddable":true,"href":"https:\/\/jafep.com\/en\/wp-json\/wp\/v2\/media\/83635"}],"wp:attachment":[{"href":"https:\/\/jafep.com\/en\/wp-json\/wp\/v2\/media?parent=12883"}],"wp:term":[{"taxonomy":"product_brand","embeddable":true,"href":"https:\/\/jafep.com\/en\/wp-json\/wp\/v2\/product_brand?post=12883"},{"taxonomy":"product_cat","embeddable":true,"href":"https:\/\/jafep.com\/en\/wp-json\/wp\/v2\/product_cat?post=12883"},{"taxonomy":"product_tag","embeddable":true,"href":"https:\/\/jafep.com\/en\/wp-json\/wp\/v2\/product_tag?post=12883"}],"curies":[{"name":"wp","href":"https:\/\/api.w.org\/{rel}","templated":true}]}}