{"id":11618,"date":"2023-03-14T12:04:04","date_gmt":"2023-03-14T12:04:04","guid":{"rendered":"https:\/\/jafep.com\/?post_type=product&#038;p=11618"},"modified":"2026-04-08T10:20:13","modified_gmt":"2026-04-08T08:20:13","slug":"pintura-para-piscinas-de-poliester","status":"publish","type":"product","link":"https:\/\/jafep.com\/en\/producto\/pintura-para-piscinas-de-poliester\/","title":{"rendered":"Pintura para Piscinas de Poli\u00e9ster"},"content":{"rendered":"<p>Pintura de poliuretano de dos componentes de naturaleza alif\u00e1tica con excelente anclaje sobre superficies dif\u00edciles, ofreciendo un acabado de m\u00e1xima calidad y resistencia especialmente sobre piscinas de poli\u00e9ster.<\/p>\n","protected":false},"excerpt":{"rendered":"<p>Pintura de poliuretano de dos componentes de naturaleza alif\u00e1tica con excelente anclaje sobre superficies dif\u00edciles, ofreciendo un acabado de m\u00e1xima calidad y resistencia especialmente sobre piscinas de poli\u00e9ster.<\/p>\n","protected":false},"featured_media":83052,"comment_status":"closed","ping_status":"closed","template":"","meta":{"_acf_changed":false,"_links_to":"","_links_to_target":""},"product_brand":[],"product_cat":[30],"product_tag":[],"class_list":{"0":"post-11618","1":"product","2":"type-product","3":"status-publish","4":"has-post-thumbnail","6":"product_cat-linea-deportiva","7":"pa_formatos-15kg","8":"pa_formatos-4kg","9":"pa_herramientas-airless","10":"pa_herramientas-brocha","11":"pa_herramientas-pistola","12":"pa_herramientas-rodillo","13":"pa_iconos-rendimiento-8-10-m2l","14":"pa_iconos-a-b","15":"pa_iconos-base-solvente","16":"pa_iconos-brillante","17":"pa_iconos-brocha-rodillo-pistola","18":"pa_iconos-carta-colores","19":"pa_iconos-exterior-interior","21":"first","22":"instock","23":"shipping-taxable","24":"product-type-simple"},"acf":[],"_links":{"self":[{"href":"https:\/\/jafep.com\/en\/wp-json\/wp\/v2\/product\/11618","targetHints":{"allow":["GET"]}}],"collection":[{"href":"https:\/\/jafep.com\/en\/wp-json\/wp\/v2\/product"}],"about":[{"href":"https:\/\/jafep.com\/en\/wp-json\/wp\/v2\/types\/product"}],"replies":[{"embeddable":true,"href":"https:\/\/jafep.com\/en\/wp-json\/wp\/v2\/comments?post=11618"}],"wp:featuredmedia":[{"embeddable":true,"href":"https:\/\/jafep.com\/en\/wp-json\/wp\/v2\/media\/83052"}],"wp:attachment":[{"href":"https:\/\/jafep.com\/en\/wp-json\/wp\/v2\/media?parent=11618"}],"wp:term":[{"taxonomy":"product_brand","embeddable":true,"href":"https:\/\/jafep.com\/en\/wp-json\/wp\/v2\/product_brand?post=11618"},{"taxonomy":"product_cat","embeddable":true,"href":"https:\/\/jafep.com\/en\/wp-json\/wp\/v2\/product_cat?post=11618"},{"taxonomy":"product_tag","embeddable":true,"href":"https:\/\/jafep.com\/en\/wp-json\/wp\/v2\/product_tag?post=11618"}],"curies":[{"name":"wp","href":"https:\/\/api.w.org\/{rel}","templated":true}]}}