{"id":11617,"date":"2023-03-14T09:41:34","date_gmt":"2023-03-14T09:41:34","guid":{"rendered":"https:\/\/jafep.com\/?post_type=product&#038;p=11617"},"modified":"2025-04-01T15:08:22","modified_gmt":"2025-04-01T15:08:22","slug":"minio-sin-plomo","status":"publish","type":"product","link":"https:\/\/jafep.com\/en\/producto\/minio-sin-plomo\/","title":{"rendered":"Minio sin plomo"},"content":{"rendered":"<p>Imprimaci\u00f3n sint\u00e9tica antioxidante de secado r\u00e1pido y libre de plomo basada en resinas alqu\u00eddicas y pigmentos anticorrosivos capaces de ofrecer una adecuada protecci\u00f3n de superficies f\u00e9rricas. <\/p>\n","protected":false},"excerpt":{"rendered":"<p>Imprimaci\u00f3n sint\u00e9tica antioxidante de secado r\u00e1pido y libre de plomo basada en resinas alqu\u00eddicas y pigmentos anticorrosivos capaces de ofrecer una adecuada protecci\u00f3n de superficies f\u00e9rricas.<\/p>\n","protected":false},"featured_media":83047,"comment_status":"closed","ping_status":"closed","template":"","meta":{"_acf_changed":false,"_links_to":"","_links_to_target":""},"product_brand":[],"product_cat":[27,39],"product_tag":[],"class_list":{"0":"post-11617","1":"product","2":"type-product","3":"status-publish","4":"has-post-thumbnail","6":"product_cat-esmaltes-imprimaciones-y-selladoras","7":"product_cat-imprimaciones","8":"pa_herramientas-airless","9":"pa_herramientas-brocha","10":"pa_herramientas-pistola","11":"pa_herramientas-rodillo","12":"pa_iconos-base-solvente","13":"pa_iconos-brocha-rodillo-pistola","14":"pa_iconos-carta-colores","15":"pa_iconos-exterior-interior","16":"pa_iconos-rendimiento-10-14-m2-l","17":"pa_iconos-satinado","19":"first","20":"instock","21":"shipping-taxable","22":"product-type-simple"},"acf":[],"_links":{"self":[{"href":"https:\/\/jafep.com\/en\/wp-json\/wp\/v2\/product\/11617","targetHints":{"allow":["GET"]}}],"collection":[{"href":"https:\/\/jafep.com\/en\/wp-json\/wp\/v2\/product"}],"about":[{"href":"https:\/\/jafep.com\/en\/wp-json\/wp\/v2\/types\/product"}],"replies":[{"embeddable":true,"href":"https:\/\/jafep.com\/en\/wp-json\/wp\/v2\/comments?post=11617"}],"wp:featuredmedia":[{"embeddable":true,"href":"https:\/\/jafep.com\/en\/wp-json\/wp\/v2\/media\/83047"}],"wp:attachment":[{"href":"https:\/\/jafep.com\/en\/wp-json\/wp\/v2\/media?parent=11617"}],"wp:term":[{"taxonomy":"product_brand","embeddable":true,"href":"https:\/\/jafep.com\/en\/wp-json\/wp\/v2\/product_brand?post=11617"},{"taxonomy":"product_cat","embeddable":true,"href":"https:\/\/jafep.com\/en\/wp-json\/wp\/v2\/product_cat?post=11617"},{"taxonomy":"product_tag","embeddable":true,"href":"https:\/\/jafep.com\/en\/wp-json\/wp\/v2\/product_tag?post=11617"}],"curies":[{"name":"wp","href":"https:\/\/api.w.org\/{rel}","templated":true}]}}