{"id":11220,"date":"2022-09-09T06:42:03","date_gmt":"2022-09-09T06:42:03","guid":{"rendered":"https:\/\/jafep.com\/?post_type=product&#038;p=11220"},"modified":"2025-11-13T11:58:26","modified_gmt":"2025-11-13T10:58:26","slug":"pintura-plastica-jts-210-m","status":"publish","type":"product","link":"https:\/\/jafep.com\/en\/producto\/pintura-plastica-jts-210-m\/","title":{"rendered":"Pintura Pl\u00e1stica JTS 210 M"},"content":{"rendered":"<p>Pintura mate ideal para interiores, con buen rendimiento, blancura y cubrici\u00f3n en el pintado de todo tipo de superficies de alba\u00f1iler\u00eda: cemento, hormig\u00f3n, yeso, ladrillo, etc.<\/p>\n","protected":false},"excerpt":{"rendered":"<p>Pintura pl\u00e1stica para interiores de gran blancura y buena cubrici\u00f3n. Posee buena transpiraci\u00f3n y una relaci\u00f3n calidad \/ precio insuperable.<\/p>\n","protected":false},"featured_media":83032,"comment_status":"closed","ping_status":"closed","template":"","meta":{"_acf_changed":false,"_links_to":"","_links_to_target":""},"product_brand":[],"product_cat":[149,150,96,44,28],"product_tag":[],"class_list":{"0":"post-11220","1":"product","2":"type-product","3":"status-publish","4":"has-post-thumbnail","6":"product_cat-decorar-pintar","7":"product_cat-en-mate","8":"product_cat-interiores","9":"product_cat-mates","10":"product_cat-pinturas-plasticas","11":"pa_formatos-22kg","12":"pa_herramientas-airless","13":"pa_herramientas-brocha","14":"pa_herramientas-pistola","15":"pa_herramientas-rodillo","16":"pa_iconos-mate-60o","17":"pa_iconos-base-agua","18":"pa_iconos-brocha-rodillo-pistola","19":"pa_iconos-interior","20":"pa_iconos-lavabilidad-nivel-5","21":"pa_iconos-mate","22":"pa_iconos-mate2-5","23":"pa_iconos-rendimiento-6-8-m2l","25":"first","26":"instock","27":"shipping-taxable","28":"product-type-simple"},"acf":[],"_links":{"self":[{"href":"https:\/\/jafep.com\/en\/wp-json\/wp\/v2\/product\/11220","targetHints":{"allow":["GET"]}}],"collection":[{"href":"https:\/\/jafep.com\/en\/wp-json\/wp\/v2\/product"}],"about":[{"href":"https:\/\/jafep.com\/en\/wp-json\/wp\/v2\/types\/product"}],"replies":[{"embeddable":true,"href":"https:\/\/jafep.com\/en\/wp-json\/wp\/v2\/comments?post=11220"}],"wp:featuredmedia":[{"embeddable":true,"href":"https:\/\/jafep.com\/en\/wp-json\/wp\/v2\/media\/83032"}],"wp:attachment":[{"href":"https:\/\/jafep.com\/en\/wp-json\/wp\/v2\/media?parent=11220"}],"wp:term":[{"taxonomy":"product_brand","embeddable":true,"href":"https:\/\/jafep.com\/en\/wp-json\/wp\/v2\/product_brand?post=11220"},{"taxonomy":"product_cat","embeddable":true,"href":"https:\/\/jafep.com\/en\/wp-json\/wp\/v2\/product_cat?post=11220"},{"taxonomy":"product_tag","embeddable":true,"href":"https:\/\/jafep.com\/en\/wp-json\/wp\/v2\/product_tag?post=11220"}],"curies":[{"name":"wp","href":"https:\/\/api.w.org\/{rel}","templated":true}]}}