{"id":10671,"date":"2022-03-10T17:54:23","date_gmt":"2022-03-10T17:54:23","guid":{"rendered":"https:\/\/jafep.com\/?post_type=product&#038;p=10671"},"modified":"2025-05-06T08:50:17","modified_gmt":"2025-05-06T08:50:17","slug":"pinroda-pintura-recuperada","status":"publish","type":"product","link":"https:\/\/jafep.com\/en\/producto\/pinroda-pintura-recuperada\/","title":{"rendered":"Pinroda Pintura Recuperada"},"content":{"rendered":"<p>Pintura pl\u00e1stica en base acuosa fabricada a partir de recuperaciones (100% reciclada) y envasada en bote de pl\u00e1stico recuperado (100% reciclado). Pintura antipolvo para suelos t\u00e9cnicos. <\/p>\n","protected":false},"excerpt":{"rendered":"<p>Pintura pl\u00e1stica en base acuosa fabricada a partir de recuperaciones (100% reciclada) y envasada en bote de pl\u00e1stico recuperado (100% reciclado). Pintura antipolvo para suelos t\u00e9cnicos.<\/p>\n","protected":false},"featured_media":83017,"comment_status":"closed","ping_status":"closed","template":"","meta":{"_acf_changed":false,"_links_to":"","_links_to_target":""},"product_brand":[],"product_cat":[97,96,36,74,1243,1242],"product_tag":[],"class_list":{"0":"post-10671","1":"product","2":"type-product","3":"status-publish","4":"has-post-thumbnail","6":"product_cat-exteriores","7":"product_cat-interiores","8":"product_cat-pinroda","9":"product_cat-pinturas-plasticas-pinroda","10":"product_cat-preparar-locales","11":"product_cat-tapar-grafitis","12":"pa_formatos-15l","13":"pa_herramientas-airless","14":"pa_herramientas-brocha","15":"pa_herramientas-pistola","16":"pa_herramientas-rodillo","17":"pa_iconos-mate-60o","18":"pa_iconos-base-agua","19":"pa_iconos-interior","20":"pa_iconos-lavabilidad-nivel-5","21":"pa_iconos-mate","22":"pa_iconos-rendimiento-6-8-m2l","24":"first","25":"instock","26":"shipping-taxable","27":"product-type-simple"},"acf":[],"_links":{"self":[{"href":"https:\/\/jafep.com\/en\/wp-json\/wp\/v2\/product\/10671","targetHints":{"allow":["GET"]}}],"collection":[{"href":"https:\/\/jafep.com\/en\/wp-json\/wp\/v2\/product"}],"about":[{"href":"https:\/\/jafep.com\/en\/wp-json\/wp\/v2\/types\/product"}],"replies":[{"embeddable":true,"href":"https:\/\/jafep.com\/en\/wp-json\/wp\/v2\/comments?post=10671"}],"wp:featuredmedia":[{"embeddable":true,"href":"https:\/\/jafep.com\/en\/wp-json\/wp\/v2\/media\/83017"}],"wp:attachment":[{"href":"https:\/\/jafep.com\/en\/wp-json\/wp\/v2\/media?parent=10671"}],"wp:term":[{"taxonomy":"product_brand","embeddable":true,"href":"https:\/\/jafep.com\/en\/wp-json\/wp\/v2\/product_brand?post=10671"},{"taxonomy":"product_cat","embeddable":true,"href":"https:\/\/jafep.com\/en\/wp-json\/wp\/v2\/product_cat?post=10671"},{"taxonomy":"product_tag","embeddable":true,"href":"https:\/\/jafep.com\/en\/wp-json\/wp\/v2\/product_tag?post=10671"}],"curies":[{"name":"wp","href":"https:\/\/api.w.org\/{rel}","templated":true}]}}