{"id":10669,"date":"2022-03-10T13:00:44","date_gmt":"2022-03-10T13:00:44","guid":{"rendered":"https:\/\/jafep.com\/?post_type=product&#038;p=10669"},"modified":"2026-02-05T10:41:06","modified_gmt":"2026-02-05T09:41:06","slug":"telacril-terrazas-poliuretano","status":"publish","type":"product","link":"https:\/\/jafep.com\/en\/producto\/telacril-terrazas-poliuretano\/","title":{"rendered":"Telacril Terrazas Poliuretano"},"content":{"rendered":"<p>Membrana de poliuretano de alta calidad, elastom\u00e9rica y continua para impermeabilizaciones donde se requieran prestaciones \u00f3ptimas. Transitable a nivel peatonal. M\u00e1xima elasticidad incluso a temperaturas extremas. Sirve tambi\u00e9n para proteger espumas de poliuretano.<\/p>\n","protected":false},"excerpt":{"rendered":"<p>Impermeabilizante elastom\u00e9rico de poliuretano alif\u00e1tico<\/p>\n","protected":false},"featured_media":83012,"comment_status":"closed","ping_status":"closed","template":"","meta":{"_acf_changed":false,"_links_to":"","_links_to_target":""},"product_brand":[],"product_cat":[97,805,31,1279],"product_tag":[],"class_list":{"0":"post-10669","1":"product","2":"type-product","3":"status-publish","4":"has-post-thumbnail","6":"product_cat-exteriores","7":"product_cat-impermeabilizar","8":"product_cat-linea-antihumedad","9":"product_cat-telacril","10":"pa_formatos-15l","11":"pa_formatos-4l","12":"pa_herramientas-airless","13":"pa_herramientas-brocha","14":"pa_herramientas-pistola","15":"pa_herramientas-rodillo","16":"pa_iconos-1-m2-l","17":"pa_iconos-base-agua","18":"pa_iconos-brocha-rodillo-pistola","19":"pa_iconos-conservante-antimoho-sitema-atmh","20":"pa_iconos-elongacion","21":"pa_iconos-exterior","22":"pa_iconos-lavabilidad-nivel-1","23":"pa_iconos-satinado","25":"first","26":"instock","27":"shipping-taxable","28":"product-type-simple"},"acf":[],"_links":{"self":[{"href":"https:\/\/jafep.com\/en\/wp-json\/wp\/v2\/product\/10669","targetHints":{"allow":["GET"]}}],"collection":[{"href":"https:\/\/jafep.com\/en\/wp-json\/wp\/v2\/product"}],"about":[{"href":"https:\/\/jafep.com\/en\/wp-json\/wp\/v2\/types\/product"}],"replies":[{"embeddable":true,"href":"https:\/\/jafep.com\/en\/wp-json\/wp\/v2\/comments?post=10669"}],"wp:featuredmedia":[{"embeddable":true,"href":"https:\/\/jafep.com\/en\/wp-json\/wp\/v2\/media\/83012"}],"wp:attachment":[{"href":"https:\/\/jafep.com\/en\/wp-json\/wp\/v2\/media?parent=10669"}],"wp:term":[{"taxonomy":"product_brand","embeddable":true,"href":"https:\/\/jafep.com\/en\/wp-json\/wp\/v2\/product_brand?post=10669"},{"taxonomy":"product_cat","embeddable":true,"href":"https:\/\/jafep.com\/en\/wp-json\/wp\/v2\/product_cat?post=10669"},{"taxonomy":"product_tag","embeddable":true,"href":"https:\/\/jafep.com\/en\/wp-json\/wp\/v2\/product_tag?post=10669"}],"curies":[{"name":"wp","href":"https:\/\/api.w.org\/{rel}","templated":true}]}}