{"id":10219,"date":"2021-05-03T12:21:24","date_gmt":"2021-05-03T12:21:24","guid":{"rendered":"https:\/\/jafep.com\/?post_type=product&#038;p=10219"},"modified":"2025-03-31T13:59:40","modified_gmt":"2025-03-31T13:59:40","slug":"emplaste-2-1-renovacionterminacion-pinroda","status":"publish","type":"product","link":"https:\/\/jafep.com\/en\/producto\/emplaste-2-1-renovacionterminacion-pinroda\/","title":{"rendered":"Emplaste 2 en 1 Renovaci\u00f3n+Terminaci\u00f3n Pinroda"},"content":{"rendered":"<p>Emplaste especial dos en uno, renovaci\u00f3n y terminaci\u00f3n en un mismo producto. Su gran adherencia facilita el anclaje sobre superficies ya pintadas, lo que resulta \u00fatil y pr\u00e1ctico para eliminar el gotel\u00e9 junto a su gran capacidad de relleno. Su f\u00e1cil lijado y la finura de sus cargas permiten finalizar el trabajo con un \u00fanico producto. <\/p>\n","protected":false},"excerpt":{"rendered":"<p>Emplaste especial dos en uno, renovaci\u00f3n y terminaci\u00f3n en un mismo producto. Su gran adherencia facilita el anclaje sobre superficies ya pintadas, lo que resulta \u00fatil y pr\u00e1ctico para eliminar el gotel\u00e9 junto a su gran capacidad de relleno. Su f\u00e1cil lijado y la finura de sus cargas permiten finalizar el trabajo con un \u00fanico&#8230;<\/p>\n","protected":false},"featured_media":83002,"comment_status":"closed","ping_status":"closed","template":"","meta":{"_acf_changed":false,"_links_to":"","_links_to_target":""},"product_brand":[],"product_cat":[70,63],"product_tag":[],"class_list":{"0":"post-10219","1":"product","2":"type-product","3":"status-publish","4":"has-post-thumbnail","6":"product_cat-masillas-y-plastes","7":"product_cat-preparaciones-y-fondos","8":"pa_iconos-base-agua","10":"first","11":"instock","12":"shipping-taxable","13":"product-type-simple"},"acf":[],"_links":{"self":[{"href":"https:\/\/jafep.com\/en\/wp-json\/wp\/v2\/product\/10219","targetHints":{"allow":["GET"]}}],"collection":[{"href":"https:\/\/jafep.com\/en\/wp-json\/wp\/v2\/product"}],"about":[{"href":"https:\/\/jafep.com\/en\/wp-json\/wp\/v2\/types\/product"}],"replies":[{"embeddable":true,"href":"https:\/\/jafep.com\/en\/wp-json\/wp\/v2\/comments?post=10219"}],"wp:featuredmedia":[{"embeddable":true,"href":"https:\/\/jafep.com\/en\/wp-json\/wp\/v2\/media\/83002"}],"wp:attachment":[{"href":"https:\/\/jafep.com\/en\/wp-json\/wp\/v2\/media?parent=10219"}],"wp:term":[{"taxonomy":"product_brand","embeddable":true,"href":"https:\/\/jafep.com\/en\/wp-json\/wp\/v2\/product_brand?post=10219"},{"taxonomy":"product_cat","embeddable":true,"href":"https:\/\/jafep.com\/en\/wp-json\/wp\/v2\/product_cat?post=10219"},{"taxonomy":"product_tag","embeddable":true,"href":"https:\/\/jafep.com\/en\/wp-json\/wp\/v2\/product_tag?post=10219"}],"curies":[{"name":"wp","href":"https:\/\/api.w.org\/{rel}","templated":true}]}}