{"id":10017,"date":"2021-07-08T12:58:12","date_gmt":"2021-07-08T12:58:12","guid":{"rendered":"https:\/\/jafep.com\/?post_type=product&#038;p=10017"},"modified":"2025-11-18T12:44:12","modified_gmt":"2025-11-18T11:44:12","slug":"revestimiento-ceramico","status":"publish","type":"product","link":"https:\/\/jafep.com\/en\/producto\/revestimiento-ceramico\/","title":{"rendered":"Revestimiento cer\u00e1mico"},"content":{"rendered":"<p>Impermeabilizante el\u00e1stico para fachadas a base de microesferas cer\u00e1micas rellenas de aire enrarecido en medio l\u00edquido de naturaleza estireno acr\u00edlica modificada, con excelentes propiedades aislantes. Con conservante antimoho.<\/p>\n","protected":false},"excerpt":{"rendered":"<p>Revestimiento cer\u00e1mico<\/p>\n","protected":false},"featured_media":83647,"comment_status":"closed","ping_status":"closed","template":"","meta":{"_acf_changed":false,"_links_to":"","_links_to_target":""},"product_brand":[],"product_cat":[31,53],"product_tag":[],"class_list":{"0":"post-10017","1":"product","2":"type-product","3":"status-publish","4":"has-post-thumbnail","6":"product_cat-linea-antihumedad","7":"product_cat-preparaciones-al-agua","8":"pa_formatos-15l","9":"pa_herramientas-airless","10":"pa_herramientas-brocha","11":"pa_herramientas-pistola","12":"pa_herramientas-rodillo","13":"pa_iconos-conservante-antimoho-sitema-atmh","14":"pa_iconos-exterior","15":"pa_iconos-mate","16":"pa_iconos-nanotec","18":"first","19":"instock","20":"shipping-taxable","21":"product-type-simple"},"acf":[],"_links":{"self":[{"href":"https:\/\/jafep.com\/en\/wp-json\/wp\/v2\/product\/10017","targetHints":{"allow":["GET"]}}],"collection":[{"href":"https:\/\/jafep.com\/en\/wp-json\/wp\/v2\/product"}],"about":[{"href":"https:\/\/jafep.com\/en\/wp-json\/wp\/v2\/types\/product"}],"replies":[{"embeddable":true,"href":"https:\/\/jafep.com\/en\/wp-json\/wp\/v2\/comments?post=10017"}],"wp:featuredmedia":[{"embeddable":true,"href":"https:\/\/jafep.com\/en\/wp-json\/wp\/v2\/media\/83647"}],"wp:attachment":[{"href":"https:\/\/jafep.com\/en\/wp-json\/wp\/v2\/media?parent=10017"}],"wp:term":[{"taxonomy":"product_brand","embeddable":true,"href":"https:\/\/jafep.com\/en\/wp-json\/wp\/v2\/product_brand?post=10017"},{"taxonomy":"product_cat","embeddable":true,"href":"https:\/\/jafep.com\/en\/wp-json\/wp\/v2\/product_cat?post=10017"},{"taxonomy":"product_tag","embeddable":true,"href":"https:\/\/jafep.com\/en\/wp-json\/wp\/v2\/product_tag?post=10017"}],"curies":[{"name":"wp","href":"https:\/\/api.w.org\/{rel}","templated":true}]}}